{"id":7201,"date":"2016-04-18T07:36:06","date_gmt":"2016-04-18T05:36:06","guid":{"rendered":"http:\/\/rifetheme.com\/fatmoon-aurora\/?page_id=7201"},"modified":"2024-04-04T00:39:04","modified_gmt":"2024-04-03T22:39:04","slug":"kontakt","status":"publish","type":"page","link":"https:\/\/www.immotion.com\/architektur\/kontakt\/","title":{"rendered":"Kontakt"},"content":{"rendered":"<div id=\"dslc-theme-content\"><div id=\"dslc-theme-content-inner\"><p style=\"text-align: center;\"><strong>ARCHITEKTURB\u00dcRO LODE<\/strong><br \/>\nKarsten Lode, Architekt<\/p>\n<p style=\"text-align: center;\"><strong><br \/>\nbuero@immotion.com<\/strong><\/p>\n<p style=\"text-align: center;\">Fon +49 (0) 341-98 39 981<br \/>\nFax +49 (0) 341-98 39 982<\/p>\n<p style=\"text-align: center;\"><strong>B\u00dcRO LEIPZIG<br \/>\n<\/strong><\/p>\n<p style=\"text-align: center;\">Gottschedstra\u00dfe 13<br \/>\n04109 Leipzig<\/p>\n<p style=\"text-align: center;\"><strong>B\u00dcRO BERLIN<\/strong><\/p>\n<p style=\"text-align: center;\">Universit\u00e4tsstra\u00dfe 2-3a<br \/>\n10117 Berlin<\/p>\n<\/div><\/div>","protected":false},"excerpt":{"rendered":"<p>ARCHITEKTURB\u00dcRO LODE Karsten Lode, Architekt buero@immotion.com Fon +49 (0) 341-98 39 981 Fax +49 (0) 341-98 39 982 B\u00dcRO LEIPZIG Gottschedstra\u00dfe 13 04109 Leipzig&hellip;<\/p>\n<p> <a class=\"more-link\" href=\"https:\/\/www.immotion.com\/architektur\/kontakt\/\">Read more<\/a><\/p>\n","protected":false},"author":1,"featured_media":0,"parent":0,"menu_order":0,"comment_status":"closed","ping_status":"closed","template":"","meta":{"footnotes":""},"class_list":["post-7201","page","type-page","status-publish","hentry"],"_links":{"self":[{"href":"https:\/\/www.immotion.com\/architektur\/wp-json\/wp\/v2\/pages\/7201","targetHints":{"allow":["GET"]}}],"collection":[{"href":"https:\/\/www.immotion.com\/architektur\/wp-json\/wp\/v2\/pages"}],"about":[{"href":"https:\/\/www.immotion.com\/architektur\/wp-json\/wp\/v2\/types\/page"}],"author":[{"embeddable":true,"href":"https:\/\/www.immotion.com\/architektur\/wp-json\/wp\/v2\/users\/1"}],"replies":[{"embeddable":true,"href":"https:\/\/www.immotion.com\/architektur\/wp-json\/wp\/v2\/comments?post=7201"}],"version-history":[{"count":92,"href":"https:\/\/www.immotion.com\/architektur\/wp-json\/wp\/v2\/pages\/7201\/revisions"}],"predecessor-version":[{"id":9906,"href":"https:\/\/www.immotion.com\/architektur\/wp-json\/wp\/v2\/pages\/7201\/revisions\/9906"}],"wp:attachment":[{"href":"https:\/\/www.immotion.com\/architektur\/wp-json\/wp\/v2\/media?parent=7201"}],"curies":[{"name":"wp","href":"https:\/\/api.w.org\/{rel}","templated":true}]}}